{"id":126,"date":"2021-05-20T13:32:57","date_gmt":"2021-05-20T11:32:57","guid":{"rendered":"http:\/\/127.0.0.33\/?page_id=126"},"modified":"2021-11-15T11:39:50","modified_gmt":"2021-11-15T10:39:50","slug":"mentions-legales","status":"publish","type":"page","link":"http:\/\/dev.afci-formation.fr\/mystaging01\/mentions-legales\/","title":{"rendered":"Mentions l\u00e9gales"},"content":{"rendered":"\t\t<div data-elementor-type=\"wp-page\" data-elementor-id=\"126\" class=\"elementor elementor-126\" data-elementor-settings=\"[]\">\n\t\t\t\t\t\t\t<div class=\"elementor-section-wrap\">\n\t\t\t\t\t\t\t<section class=\"elementor-section elementor-top-section elementor-element elementor-element-5538989 elementor-section-boxed elementor-section-height-default elementor-section-height-default\" data-id=\"5538989\" data-element_type=\"section\">\n\t\t\t\t\t\t<div class=\"elementor-container elementor-column-gap-default\">\n\t\t\t\t\t<div class=\"elementor-column elementor-col-100 elementor-top-column elementor-element elementor-element-57cbb3d\" data-id=\"57cbb3d\" data-element_type=\"column\">\n\t\t\t<div class=\"elementor-widget-wrap\">\n\t\t\t\t\t\t\t\t\t<\/div>\n\t\t<\/div>\n\t\t\t\t\t\t\t<\/div>\n\t\t<\/section>\n\t\t\t\t<section class=\"elementor-section elementor-top-section elementor-element elementor-element-8424aed elementor-section-boxed elementor-section-height-default elementor-section-height-default\" data-id=\"8424aed\" data-element_type=\"section\">\n\t\t\t\t\t\t<div class=\"elementor-container elementor-column-gap-default\">\n\t\t\t\t\t<div class=\"elementor-column elementor-col-100 elementor-top-column elementor-element elementor-element-6e0745f\" data-id=\"6e0745f\" data-element_type=\"column\">\n\t\t\t<div class=\"elementor-widget-wrap elementor-element-populated\">\n\t\t\t\t\t\t\t\t<div class=\"elementor-element elementor-element-da8fb43 elementor-widget elementor-widget-heading\" data-id=\"da8fb43\" data-element_type=\"widget\" data-widget_type=\"heading.default\">\n\t\t\t\t<div class=\"elementor-widget-container\">\n\t\t\t<style>\/*! elementor - v3.5.1 - 20-12-2021 *\/\n.elementor-heading-title{padding:0;margin:0;line-height:1}.elementor-widget-heading .elementor-heading-title[class*=elementor-size-]>a{color:inherit;font-size:inherit;line-height:inherit}.elementor-widget-heading .elementor-heading-title.elementor-size-small{font-size:15px}.elementor-widget-heading .elementor-heading-title.elementor-size-medium{font-size:19px}.elementor-widget-heading .elementor-heading-title.elementor-size-large{font-size:29px}.elementor-widget-heading .elementor-heading-title.elementor-size-xl{font-size:39px}.elementor-widget-heading .elementor-heading-title.elementor-size-xxl{font-size:59px}<\/style><h2 class=\"elementor-heading-title elementor-size-default\">Mentions L\u00e9gales<\/h2>\t\t<\/div>\n\t\t\t\t<\/div>\n\t\t\t\t<div class=\"elementor-element elementor-element-60be9b1 elementor-widget elementor-widget-text-editor\" data-id=\"60be9b1\" data-element_type=\"widget\" data-widget_type=\"text-editor.default\">\n\t\t\t\t<div class=\"elementor-widget-container\">\n\t\t\t<style>\/*! elementor - v3.5.1 - 20-12-2021 *\/\n.elementor-widget-text-editor.elementor-drop-cap-view-stacked .elementor-drop-cap{background-color:#818a91;color:#fff}.elementor-widget-text-editor.elementor-drop-cap-view-framed .elementor-drop-cap{color:#818a91;border:3px solid;background-color:transparent}.elementor-widget-text-editor:not(.elementor-drop-cap-view-default) .elementor-drop-cap{margin-top:8px}.elementor-widget-text-editor:not(.elementor-drop-cap-view-default) .elementor-drop-cap-letter{width:1em;height:1em}.elementor-widget-text-editor .elementor-drop-cap{float:left;text-align:center;line-height:1;font-size:50px}.elementor-widget-text-editor .elementor-drop-cap-letter{display:inline-block}<\/style>\t\t\t\t<p>Adresse: <a href=\"https:\/\/www.google.com\/maps\/dir\/48.9422088,2.5662905\/AFCI,+97+Ter+Rue+de+Bellevue,+92100+Boulogne-Billancourt\/@48.881359,2.2586901,11z\/data=!3m1!4b1!4m10!4m9!1m1!4e1!1m5!1m1!1s0x47e67ae18b155131:0x873dd9278dc9fa72!2m2!1d2.2315836!2d48.8333753!3e3\" target=\"_blank\" rel=\"noopener\">AFCI, 97T rue de Bellevue 92100 Boulogne-Billancourt<\/a>\n<br>T\u00e9l\u00e9phone: <a href=\"http:\/\/https:\/\/wp.moodle-afci-formation.fr\/wp\/\/contact\/\" target=\"_blank\" rel=\"noopener\">01 47 12 01 73<\/a> \/\u00a0Mail: <span id=\"cloak9f3ae0d83621a07de1c3740fbd6be355\"><\/span><a href=\"mailto:administration@afci-formation.fr\">administration@afci-formation.fr<\/a><\/br>\n\n<br>AFCI SASU est enregistr\u00e9 au RCS de Nanterre sous le num\u00e9ro 392 975 637.<\/br>\n\n<br>Non assujetti \u00e0 la TVA en qualit\u00e9 d&#8217;organisme de formation enregistr\u00e9 aupr\u00e8s de la Pr\u00e9fecture de la r\u00e9gion Ile-de-France sous le num\u00e9ro de d\u00e9claration d&#8217;activit\u00e9: 11922122692<\/br>\n<p>Directrice de publication:\nMarie-France PIPONNIAU<\/p>\n\n<br>L&#8217;h\u00e9bergeur du site AFCI\u00a0est la Soci\u00e9t\u00e9\u00a0Infomaniak Network SA\u00a0au capital de\u00a0102 000 CHF\u00a0dont le si\u00e8ge social est situ\u00e9 au 26 avenue de la Praille 1227 Carouge \/ Gen\u00e8ve Suisse.<\/br>\n\n<br>Le site est d\u00e9clar\u00e9 \u00e0 la\u00a0CNIL\u00a0sous le num\u00e9ro 2121743 v 0.<\/br>\n\n<br>Toute r\u00e9clamation doit se faire sur la page &#8220;<a href=\"http:\/\/https:\/\/wp.moodle-afci-formation.fr\/wp\/\/contact\/\" target=\"_blank\" rel=\"noopener\">Nous contacter&#8221;<\/a> en utilisant le formulaire d&#8217;envoi d&#8217;une remarque.<\/br>\n<\/p>\t\t\t\t\t\t<\/div>\n\t\t\t\t<\/div>\n\t\t\t\t\t<\/div>\n\t\t<\/div>\n\t\t\t\t\t\t\t<\/div>\n\t\t<\/section>\n\t\t\t\t<section class=\"elementor-section elementor-top-section elementor-element elementor-element-d25efb2 elementor-section-boxed elementor-section-height-default elementor-section-height-default\" data-id=\"d25efb2\" data-element_type=\"section\">\n\t\t\t\t\t\t<div class=\"elementor-container elementor-column-gap-default\">\n\t\t\t\t\t<div class=\"elementor-column elementor-col-100 elementor-top-column elementor-element elementor-element-10f70ce\" data-id=\"10f70ce\" data-element_type=\"column\">\n\t\t\t<div class=\"elementor-widget-wrap elementor-element-populated\">\n\t\t\t\t\t\t\t\t<div class=\"elementor-element elementor-element-b61eeff elementor-widget elementor-widget-heading\" data-id=\"b61eeff\" data-element_type=\"widget\" data-widget_type=\"heading.default\">\n\t\t\t\t<div class=\"elementor-widget-container\">\n\t\t\t<h2 class=\"elementor-heading-title elementor-size-default\">Cr\u00e9dits Photos :<\/h2>\t\t<\/div>\n\t\t\t\t<\/div>\n\t\t\t\t\t<\/div>\n\t\t<\/div>\n\t\t\t\t\t\t\t<\/div>\n\t\t<\/section>\n\t\t\t\t<section class=\"elementor-section elementor-top-section elementor-element elementor-element-f1feba2 elementor-section-boxed elementor-section-height-default elementor-section-height-default\" data-id=\"f1feba2\" data-element_type=\"section\">\n\t\t\t\t\t\t<div class=\"elementor-container elementor-column-gap-default\">\n\t\t\t\t\t<div class=\"elementor-column elementor-col-100 elementor-top-column elementor-element elementor-element-b2b70a9\" data-id=\"b2b70a9\" data-element_type=\"column\">\n\t\t\t<div class=\"elementor-widget-wrap elementor-element-populated\">\n\t\t\t\t\t\t\t\t<div class=\"elementor-element elementor-element-35a4842 elementor-widget elementor-widget-text-editor\" data-id=\"35a4842\" data-element_type=\"widget\" data-widget_type=\"text-editor.default\">\n\t\t\t\t<div class=\"elementor-widget-container\">\n\t\t\t\t\t\t\t<p>Banque d&#8217;images : <a href=\"https:\/\/unsplash.com\/\" target=\"_blank\" rel=\"noopener\">unsplash.com<\/a> : <span style=\"color: var(--global-palette4); font-family: var(--global-body-font-family);\">Brooke Cagle, Scott Graham,\u00a0<\/span><\/p>\t\t\t\t\t\t<\/div>\n\t\t\t\t<\/div>\n\t\t\t\t\t<\/div>\n\t\t<\/div>\n\t\t\t\t\t\t\t<\/div>\n\t\t<\/section>\n\t\t\t\t\t\t<\/div>\n\t\t\t\t\t<\/div>\n\t\t","protected":false},"excerpt":{"rendered":"<p>Mentions L\u00e9gales Adresse: AFCI, 97T rue de Bellevue 92100 Boulogne-Billancourt T\u00e9l\u00e9phone: 01 47 12 01 73 \/\u00a0Mail: administration@afci-formation.fr AFCI SASU est enregistr\u00e9 au RCS de Nanterre sous le num\u00e9ro 392 &hellip;<\/p>\n<p class=\"read-more\"> <a class=\"\" href=\"http:\/\/dev.afci-formation.fr\/mystaging01\/mentions-legales\/\"> <span class=\"screen-reader-text\">Mentions l\u00e9gales<\/span> Lire la suite\u00a0\u00bb<\/a><\/p>\n","protected":false},"author":3,"featured_media":0,"parent":0,"menu_order":0,"comment_status":"closed","ping_status":"closed","template":"","meta":{"site-sidebar-layout":"","site-content-layout":"","ast-main-header-display":"","ast-hfb-above-header-display":"","ast-hfb-below-header-display":"","ast-hfb-mobile-header-display":"","site-post-title":"","ast-breadcrumbs-content":"","ast-featured-img":"","footer-sml-layout":"","theme-transparent-header-meta":"","adv-header-id-meta":"","stick-header-meta":"","header-above-stick-meta":"","header-main-stick-meta":"","header-below-stick-meta":"","footnotes":""},"class_list":["post-126","page","type-page","status-publish","hentry"],"_links":{"self":[{"href":"http:\/\/dev.afci-formation.fr\/mystaging01\/wp-json\/wp\/v2\/pages\/126","targetHints":{"allow":["GET"]}}],"collection":[{"href":"http:\/\/dev.afci-formation.fr\/mystaging01\/wp-json\/wp\/v2\/pages"}],"about":[{"href":"http:\/\/dev.afci-formation.fr\/mystaging01\/wp-json\/wp\/v2\/types\/page"}],"author":[{"embeddable":true,"href":"http:\/\/dev.afci-formation.fr\/mystaging01\/wp-json\/wp\/v2\/users\/3"}],"replies":[{"embeddable":true,"href":"http:\/\/dev.afci-formation.fr\/mystaging01\/wp-json\/wp\/v2\/comments?post=126"}],"version-history":[{"count":6,"href":"http:\/\/dev.afci-formation.fr\/mystaging01\/wp-json\/wp\/v2\/pages\/126\/revisions"}],"predecessor-version":[{"id":32779,"href":"http:\/\/dev.afci-formation.fr\/mystaging01\/wp-json\/wp\/v2\/pages\/126\/revisions\/32779"}],"wp:attachment":[{"href":"http:\/\/dev.afci-formation.fr\/mystaging01\/wp-json\/wp\/v2\/media?parent=126"}],"curies":[{"name":"wp","href":"https:\/\/api.w.org\/{rel}","templated":true}]}}