{"id":28909,"date":"2021-08-18T11:56:44","date_gmt":"2021-08-18T09:56:44","guid":{"rendered":"http:\/\/dev.afci-formation.fr\/?page_id=28909"},"modified":"2021-11-26T15:22:31","modified_gmt":"2021-11-26T14:22:31","slug":"elementor-28909","status":"publish","type":"page","link":"http:\/\/dev.afci-formation.fr\/mystaging01\/elementor-28909\/","title":{"rendered":"Modalit\u00e9s d&#8217;accueil des personnes en situation d&#8217;handicap\u200b"},"content":{"rendered":"\t\t<div data-elementor-type=\"wp-page\" data-elementor-id=\"28909\" class=\"elementor elementor-28909\" data-elementor-settings=\"[]\">\n\t\t\t\t\t\t\t<div class=\"elementor-section-wrap\">\n\t\t\t\t\t\t\t<section class=\"elementor-section elementor-top-section elementor-element elementor-element-64c07258 elementor-section-full_width elementor-section-height-default elementor-section-height-default\" data-id=\"64c07258\" data-element_type=\"section\">\n\t\t\t\t\t\t<div class=\"elementor-container elementor-column-gap-default\">\n\t\t\t\t\t<div class=\"elementor-column elementor-col-100 elementor-top-column elementor-element elementor-element-699bcf34\" data-id=\"699bcf34\" data-element_type=\"column\">\n\t\t\t<div class=\"elementor-widget-wrap elementor-element-populated\">\n\t\t\t\t\t\t\t\t<div class=\"elementor-element elementor-element-570dc7dd elementor-widget elementor-widget-text-editor\" data-id=\"570dc7dd\" data-element_type=\"widget\" data-widget_type=\"text-editor.default\">\n\t\t\t\t<div class=\"elementor-widget-container\">\n\t\t\t<style>\/*! elementor - v3.5.1 - 20-12-2021 *\/\n.elementor-widget-text-editor.elementor-drop-cap-view-stacked .elementor-drop-cap{background-color:#818a91;color:#fff}.elementor-widget-text-editor.elementor-drop-cap-view-framed .elementor-drop-cap{color:#818a91;border:3px solid;background-color:transparent}.elementor-widget-text-editor:not(.elementor-drop-cap-view-default) .elementor-drop-cap{margin-top:8px}.elementor-widget-text-editor:not(.elementor-drop-cap-view-default) .elementor-drop-cap-letter{width:1em;height:1em}.elementor-widget-text-editor .elementor-drop-cap{float:left;text-align:center;line-height:1;font-size:50px}.elementor-widget-text-editor .elementor-drop-cap-letter{display:inline-block}<\/style>\t\t\t\t<!-- wp:divi\/placeholder \/-->\t\t\t\t\t\t<\/div>\n\t\t\t\t<\/div>\n\t\t\t\t\t<\/div>\n\t\t<\/div>\n\t\t\t\t\t\t\t<\/div>\n\t\t<\/section>\n\t\t\t\t<section class=\"elementor-section elementor-top-section elementor-element elementor-element-26988ad1 elementor-section-full_width elementor-section-height-default elementor-section-height-default\" data-id=\"26988ad1\" data-element_type=\"section\">\n\t\t\t\t\t\t<div class=\"elementor-container elementor-column-gap-default\">\n\t\t\t\t\t<div class=\"elementor-column elementor-col-100 elementor-top-column elementor-element elementor-element-7d96787\" data-id=\"7d96787\" data-element_type=\"column\">\n\t\t\t<div class=\"elementor-widget-wrap elementor-element-populated\">\n\t\t\t\t\t\t\t\t<div class=\"elementor-element elementor-element-6e62c1ef elementor-widget elementor-widget-heading\" data-id=\"6e62c1ef\" data-element_type=\"widget\" data-widget_type=\"heading.default\">\n\t\t\t\t<div class=\"elementor-widget-container\">\n\t\t\t<style>\/*! elementor - v3.5.1 - 20-12-2021 *\/\n.elementor-heading-title{padding:0;margin:0;line-height:1}.elementor-widget-heading .elementor-heading-title[class*=elementor-size-]>a{color:inherit;font-size:inherit;line-height:inherit}.elementor-widget-heading .elementor-heading-title.elementor-size-small{font-size:15px}.elementor-widget-heading .elementor-heading-title.elementor-size-medium{font-size:19px}.elementor-widget-heading .elementor-heading-title.elementor-size-large{font-size:29px}.elementor-widget-heading .elementor-heading-title.elementor-size-xl{font-size:39px}.elementor-widget-heading .elementor-heading-title.elementor-size-xxl{font-size:59px}<\/style><h2 class=\"elementor-heading-title elementor-size-default\">Modalit\u00e9s d'accueil des personnes en situation d'handicap<\/h2>\t\t<\/div>\n\t\t\t\t<\/div>\n\t\t\t\t\t<\/div>\n\t\t<\/div>\n\t\t\t\t\t\t\t<\/div>\n\t\t<\/section>\n\t\t\t\t<section class=\"elementor-section elementor-top-section elementor-element elementor-element-1cf80650 elementor-section-full_width elementor-section-height-default elementor-section-height-default\" data-id=\"1cf80650\" data-element_type=\"section\">\n\t\t\t\t\t\t<div class=\"elementor-container elementor-column-gap-default\">\n\t\t\t\t\t<div class=\"elementor-column elementor-col-100 elementor-top-column elementor-element elementor-element-45ec95f2\" data-id=\"45ec95f2\" data-element_type=\"column\">\n\t\t\t<div class=\"elementor-widget-wrap elementor-element-populated\">\n\t\t\t\t\t\t\t\t<div class=\"elementor-element elementor-element-f425b60 elementor-widget elementor-widget-text-editor\" data-id=\"f425b60\" data-element_type=\"widget\" data-widget_type=\"text-editor.default\">\n\t\t\t\t<div class=\"elementor-widget-container\">\n\t\t\t\t\t\t\t<table><tbody><tr><td colspan=\"2\"><p>AFCI\u00a0 s\u2019engage aupr\u00e8s de ses clients et partenaires, sur la garantie de l&#8217;\u00e9galit\u00e9 des droits et des chances des personnes en situation de handicap pour acc\u00e9der \u00e0 la formation. Nous avons mis en place un r\u00e9f\u00e9rent handicap qui travaille en \u00e9troite collaboration avec la coordination. Il est charg\u00e9 d\u2019accueillir et d\u2019accompagner la personne en situation de handicap tout le long de son parcours. Il est en lien direct avec l\u2019entourage de la personne (tuteur, famille ou structure intervenante en soutien de ses d\u00e9marches). Afin d\u2019assurer un accueil optimal de la personne, notre structure met tout en \u0153uvre afin d\u2019apporter une r\u00e9ponse individualis\u00e9e et adapt\u00e9e au type et degr\u00e9 de handicap de la personne. Il identifie les contraintes et confirme avec le stagiaire ses besoins. Et en fonction de cela, il l\u2019oriente pr\u00e9cis\u00e9ment vers les interlocuteurs et\/ou met \u00e0 disposition tous les outils lui permettant de compenser son handicap.\u00a0<\/p><\/td><\/tr><tr><td colspan=\"2\"><p>Ainsi tous nos locaux sont accessibles aux personnes \u00e0 mobilit\u00e9 r\u00e9duite et nous mobilisons diff\u00e9rents types d\u2019am\u00e9nagements afin de s\u00e9curiser le parcours formation. Ils pr\u00e9sentent toutes les qualit\u00e9s d\u2019hygi\u00e8ne et de s\u00e9curit\u00e9 requises par la r\u00e9glementation en vigueur dans les \u00e9tablissements recevant du public.<\/p><\/td><\/tr><tr><td colspan=\"2\"><p>Et le parcours de formation est adapt\u00e9 en collaboration avec l\u2019\u00e9quipe de formateurs:\u00a0\u00a0<\/p><table><tbody><tr><td><ul><li>Am\u00e9nagement des rythmes d\u2019apprentissage (dur\u00e9e globale de la formation, dur\u00e9e des s\u00e9quences p\u00e9dagogiques, temps de pause, rythme d\u2019acquisition des connaissances.)<\/li><li>Adaptation des modalit\u00e9s p\u00e9dagogiques, contenus, supports, outils (capacit\u00e9 \u00e0 se concentrer, d\u2019appr\u00e9hender des concepts, accessibilit\u00e9 des supports et outils)\u00a0<\/li><li>Adaptation des \u00e9valuations d\u2019acquisition des comp\u00e9tences en cours de formation et \u00e0 la fin de la formation (conditions d\u2019examens am\u00e9nag\u00e9es).<\/li><li>Am\u00e9nagement de l\u2019environnement de la formation (accessibilit\u00e9 salle de cours, lieu ressources, sanitaires, espace de restauration etc.)<\/li><\/ul><\/td><\/tr><\/tbody><\/table><\/td><\/tr><tr><td colspan=\"2\"><p>Enfin, afin de s\u00e9curiser la recherche de stage, nous mettons \u00e0 disposition de la personne handicap\u00e9e un r\u00e9seau d\u2019employeurs en capacit\u00e9 d\u2019accueillir des personnes en situation de handicap, et nous l&#8217;invitons \u00e0 la recherche d\u2019un contrat avec la possibilit\u00e9 notamment d\u2019utiliser la p\u00e9riode de stage comme pr\u00e9-embauche.<\/p><\/td><\/tr><tr><td colspan=\"2\"><p>Pour faciliter la prise en charge d\u2019un handicap, nous avons int\u00e9gr\u00e9 sur le dossier d\u2019inscription un espace \u00e0 renseigner et nous syst\u00e9matisons cette demande lors de l\u2019entretien.<\/p><\/td><\/tr><\/tbody><\/table>\t\t\t\t\t\t<\/div>\n\t\t\t\t<\/div>\n\t\t\t\t\t<\/div>\n\t\t<\/div>\n\t\t\t\t\t\t\t<\/div>\n\t\t<\/section>\n\t\t\t\t\t\t<\/div>\n\t\t\t\t\t<\/div>\n\t\t","protected":false},"excerpt":{"rendered":"<p>Modalit\u00e9s d&#8217;accueil des personnes en situation d&#8217;handicap AFCI\u00a0 s\u2019engage aupr\u00e8s de ses clients et partenaires, sur la garantie de l&#8217;\u00e9galit\u00e9 des droits et des chances des personnes en situation de &hellip;<\/p>\n<p class=\"read-more\"> <a class=\"\" href=\"http:\/\/dev.afci-formation.fr\/mystaging01\/elementor-28909\/\"> <span class=\"screen-reader-text\">Modalit\u00e9s d&#8217;accueil des personnes en situation d&#8217;handicap\u200b<\/span> Lire la suite\u00a0\u00bb<\/a><\/p>\n","protected":false},"author":3,"featured_media":0,"parent":0,"menu_order":0,"comment_status":"closed","ping_status":"closed","template":"","meta":{"site-sidebar-layout":"","site-content-layout":"","ast-main-header-display":"","ast-hfb-above-header-display":"","ast-hfb-below-header-display":"","ast-hfb-mobile-header-display":"","site-post-title":"","ast-breadcrumbs-content":"","ast-featured-img":"","footer-sml-layout":"","theme-transparent-header-meta":"","adv-header-id-meta":"","stick-header-meta":"","header-above-stick-meta":"","header-main-stick-meta":"","header-below-stick-meta":"","footnotes":""},"class_list":["post-28909","page","type-page","status-publish","hentry"],"_links":{"self":[{"href":"http:\/\/dev.afci-formation.fr\/mystaging01\/wp-json\/wp\/v2\/pages\/28909","targetHints":{"allow":["GET"]}}],"collection":[{"href":"http:\/\/dev.afci-formation.fr\/mystaging01\/wp-json\/wp\/v2\/pages"}],"about":[{"href":"http:\/\/dev.afci-formation.fr\/mystaging01\/wp-json\/wp\/v2\/types\/page"}],"author":[{"embeddable":true,"href":"http:\/\/dev.afci-formation.fr\/mystaging01\/wp-json\/wp\/v2\/users\/3"}],"replies":[{"embeddable":true,"href":"http:\/\/dev.afci-formation.fr\/mystaging01\/wp-json\/wp\/v2\/comments?post=28909"}],"version-history":[{"count":8,"href":"http:\/\/dev.afci-formation.fr\/mystaging01\/wp-json\/wp\/v2\/pages\/28909\/revisions"}],"predecessor-version":[{"id":33971,"href":"http:\/\/dev.afci-formation.fr\/mystaging01\/wp-json\/wp\/v2\/pages\/28909\/revisions\/33971"}],"wp:attachment":[{"href":"http:\/\/dev.afci-formation.fr\/mystaging01\/wp-json\/wp\/v2\/media?parent=28909"}],"curies":[{"name":"wp","href":"https:\/\/api.w.org\/{rel}","templated":true}]}}