{"id":33974,"date":"2021-11-26T15:35:58","date_gmt":"2021-11-26T14:35:58","guid":{"rendered":"http:\/\/dev.afci-formation.fr\/?page_id=33974"},"modified":"2021-12-22T16:17:51","modified_gmt":"2021-12-22T15:17:51","slug":"nos-centres","status":"publish","type":"page","link":"http:\/\/dev.afci-formation.fr\/mystaging01\/nos-centres\/","title":{"rendered":"Nos centres"},"content":{"rendered":"\t\t<div data-elementor-type=\"wp-page\" data-elementor-id=\"33974\" class=\"elementor elementor-33974\" data-elementor-settings=\"[]\">\n\t\t\t\t\t\t\t<div class=\"elementor-section-wrap\">\n\t\t\t\t\t\t\t<section class=\"elementor-section elementor-top-section elementor-element elementor-element-f75d4ea elementor-section-boxed elementor-section-height-default elementor-section-height-default\" data-id=\"f75d4ea\" data-element_type=\"section\">\n\t\t\t\t\t\t<div class=\"elementor-container elementor-column-gap-default\">\n\t\t\t\t\t<div class=\"elementor-column elementor-col-100 elementor-top-column elementor-element elementor-element-d4e34f6\" data-id=\"d4e34f6\" data-element_type=\"column\">\n\t\t\t<div class=\"elementor-widget-wrap elementor-element-populated\">\n\t\t\t\t\t\t\t\t<div class=\"elementor-element elementor-element-1390106 elementor-widget elementor-widget-spacer\" data-id=\"1390106\" data-element_type=\"widget\" data-widget_type=\"spacer.default\">\n\t\t\t\t<div class=\"elementor-widget-container\">\n\t\t\t\t\t<div class=\"elementor-spacer\">\n\t\t\t<div class=\"elementor-spacer-inner\"><\/div>\n\t\t<\/div>\n\t\t\t\t<\/div>\n\t\t\t\t<\/div>\n\t\t\t\t<div class=\"elementor-element elementor-element-58651d3 elementor-widget elementor-widget-heading\" data-id=\"58651d3\" data-element_type=\"widget\" data-widget_type=\"heading.default\">\n\t\t\t\t<div class=\"elementor-widget-container\">\n\t\t\t<style>\/*! elementor - v3.5.1 - 20-12-2021 *\/\n.elementor-heading-title{padding:0;margin:0;line-height:1}.elementor-widget-heading .elementor-heading-title[class*=elementor-size-]>a{color:inherit;font-size:inherit;line-height:inherit}.elementor-widget-heading .elementor-heading-title.elementor-size-small{font-size:15px}.elementor-widget-heading .elementor-heading-title.elementor-size-medium{font-size:19px}.elementor-widget-heading .elementor-heading-title.elementor-size-large{font-size:29px}.elementor-widget-heading .elementor-heading-title.elementor-size-xl{font-size:39px}.elementor-widget-heading .elementor-heading-title.elementor-size-xxl{font-size:59px}<\/style><h2 class=\"elementor-heading-title elementor-size-default\">Nos centres de formation<\/h2>\t\t<\/div>\n\t\t\t\t<\/div>\n\t\t\t\t<div class=\"elementor-element elementor-element-ca3ce45 elementor-widget elementor-widget-text-editor\" data-id=\"ca3ce45\" data-element_type=\"widget\" data-widget_type=\"text-editor.default\">\n\t\t\t\t<div class=\"elementor-widget-container\">\n\t\t\t<style>\/*! elementor - v3.5.1 - 20-12-2021 *\/\n.elementor-widget-text-editor.elementor-drop-cap-view-stacked .elementor-drop-cap{background-color:#818a91;color:#fff}.elementor-widget-text-editor.elementor-drop-cap-view-framed .elementor-drop-cap{color:#818a91;border:3px solid;background-color:transparent}.elementor-widget-text-editor:not(.elementor-drop-cap-view-default) .elementor-drop-cap{margin-top:8px}.elementor-widget-text-editor:not(.elementor-drop-cap-view-default) .elementor-drop-cap-letter{width:1em;height:1em}.elementor-widget-text-editor .elementor-drop-cap{float:left;text-align:center;line-height:1;font-size:50px}.elementor-widget-text-editor .elementor-drop-cap-letter{display:inline-block}<\/style>\t\t\t\t<p style=\"text-align: center;\"><strong>O\u00f9 que vous soyez, retrouvez l&#8217;AFCI Formation pr\u00e8s de chez vous ! <\/strong><\/p>\n<p style=\"text-align: center;\">Sur<a href=\"#iledefrance\"> l&#8217;<\/a><a href=\"#iledefrance\">Ile-de-France<\/a>, <a href=\"http:\/\/Hautes-de-France\" data-wplink-url-error=\"true\">les<\/a> <a href=\"#haut-de-france\">Hautes-de-France<\/a> et <a href=\"#auvergne-rhonealpes\">l&#8217;Auvergne-Rh\u00f4ne-Alpes<\/a><\/p>\n<p>clique sur les epingle de votre ville<\/p>\t\t\t\t\t\t<\/div>\n\t\t\t\t<\/div>\n\t\t\t\t<div class=\"elementor-element elementor-element-b2b2551 elementor-widget elementor-widget-menu-anchor\" data-id=\"b2b2551\" data-element_type=\"widget\" data-widget_type=\"menu-anchor.default\">\n\t\t\t\t<div class=\"elementor-widget-container\">\n\t\t\t<style>\/*! elementor - v3.5.1 - 20-12-2021 *\/\nbody.elementor-page .elementor-widget-menu-anchor{margin-bottom:0}<\/style>\t\t<div id=\"haut-de-france\" class=\"elementor-menu-anchor\"><\/div>\n\t\t\t\t<\/div>\n\t\t\t\t<\/div>\n\t\t\t\t<div class=\"elementor-element elementor-element-aaae8ab elementor-widget elementor-widget-image\" data-id=\"aaae8ab\" data-element_type=\"widget\" data-widget_type=\"image.default\">\n\t\t\t\t<div class=\"elementor-widget-container\">\n\t\t\t<style>\/*! elementor - v3.5.1 - 20-12-2021 *\/\n.elementor-widget-image{text-align:center}.elementor-widget-image a{display:inline-block}.elementor-widget-image a img[src$=\".svg\"]{width:48px}.elementor-widget-image img{vertical-align:middle;display:inline-block}<\/style>\t\t\t\t\t\t\t\t\t\t\t\t\t<a href=\"#haut-de-france\">\n\t\t\t\t\t\t\t<img loading=\"lazy\" decoding=\"async\" width=\"867\" height=\"1024\" src=\"http:\/\/dev.afci-formation.fr\/mystaging01\/wp-content\/uploads\/2021\/12\/carte-afci-2-867x1024.png\" class=\"attachment-large size-large\" alt=\"\" srcset=\"http:\/\/dev.afci-formation.fr\/mystaging01\/wp-content\/uploads\/2021\/12\/carte-afci-2-867x1024.png 867w, http:\/\/dev.afci-formation.fr\/mystaging01\/wp-content\/uploads\/2021\/12\/carte-afci-2-254x300.png 254w, http:\/\/dev.afci-formation.fr\/mystaging01\/wp-content\/uploads\/2021\/12\/carte-afci-2-768x907.png 768w, http:\/\/dev.afci-formation.fr\/mystaging01\/wp-content\/uploads\/2021\/12\/carte-afci-2-1300x1536.png 1300w, http:\/\/dev.afci-formation.fr\/mystaging01\/wp-content\/uploads\/2021\/12\/carte-afci-2-1733x2048.png 1733w\" sizes=\"auto, (max-width: 867px) 100vw, 867px\" \/>\t\t\t\t\t\t\t\t<\/a>\n\t\t\t\t\t\t\t\t\t\t\t\t\t\t\t<\/div>\n\t\t\t\t<\/div>\n\t\t\t\t<div class=\"elementor-element elementor-element-cf44e8d elementor-widget elementor-widget-spacer\" data-id=\"cf44e8d\" data-element_type=\"widget\" data-widget_type=\"spacer.default\">\n\t\t\t\t<div class=\"elementor-widget-container\">\n\t\t\t\t\t<div class=\"elementor-spacer\">\n\t\t\t<div class=\"elementor-spacer-inner\"><\/div>\n\t\t<\/div>\n\t\t\t\t<\/div>\n\t\t\t\t<\/div>\n\t\t\t\t<div class=\"elementor-element elementor-element-f7c4d2f elementor-widget elementor-widget-menu-anchor\" data-id=\"f7c4d2f\" data-element_type=\"widget\" data-widget_type=\"menu-anchor.default\">\n\t\t\t\t<div class=\"elementor-widget-container\">\n\t\t\t\t\t<div id=\"iledefrance\" class=\"elementor-menu-anchor\"><\/div>\n\t\t\t\t<\/div>\n\t\t\t\t<\/div>\n\t\t\t\t<div class=\"elementor-element elementor-element-8da0945 elementor-widget__width-initial elementor-absolute elementor-widget elementor-widget-heading\" data-id=\"8da0945\" data-element_type=\"widget\" data-settings=\"{&quot;_position&quot;:&quot;absolute&quot;}\" data-widget_type=\"heading.default\">\n\t\t\t\t<div class=\"elementor-widget-container\">\n\t\t\t<h1 class=\"elementor-heading-title elementor-size-default\"><a href=\"http:\/\/dev.afci-formation.fr\/mystaging01\/paris\/\">.<\/a><\/h1>\t\t<\/div>\n\t\t\t\t<\/div>\n\t\t\t\t<div class=\"elementor-element elementor-element-98be6d6 elementor-widget__width-initial elementor-absolute elementor-widget elementor-widget-heading\" data-id=\"98be6d6\" data-element_type=\"widget\" data-settings=\"{&quot;_position&quot;:&quot;absolute&quot;}\" data-widget_type=\"heading.default\">\n\t\t\t\t<div class=\"elementor-widget-container\">\n\t\t\t<h1 class=\"elementor-heading-title elementor-size-default\"><a href=\"http:\/\/dev.afci-formation.fr\/mystaging01\/saint-etienne\/\">.<\/a><\/h1>\t\t<\/div>\n\t\t\t\t<\/div>\n\t\t\t\t<div class=\"elementor-element elementor-element-9a06ec5 elementor-widget__width-initial elementor-absolute elementor-widget elementor-widget-heading\" data-id=\"9a06ec5\" data-element_type=\"widget\" data-settings=\"{&quot;_position&quot;:&quot;absolute&quot;}\" data-widget_type=\"heading.default\">\n\t\t\t\t<div class=\"elementor-widget-container\">\n\t\t\t<h1 class=\"elementor-heading-title elementor-size-default\"><a href=\"http:\/\/dev.afci-formation.fr\/mystaging01\/annecy\/\">.<\/a><\/h1>\t\t<\/div>\n\t\t\t\t<\/div>\n\t\t\t\t<div class=\"elementor-element elementor-element-4b491c3 elementor-widget__width-initial elementor-absolute elementor-widget elementor-widget-heading\" data-id=\"4b491c3\" data-element_type=\"widget\" data-settings=\"{&quot;_position&quot;:&quot;absolute&quot;}\" data-widget_type=\"heading.default\">\n\t\t\t\t<div class=\"elementor-widget-container\">\n\t\t\t<h1 class=\"elementor-heading-title elementor-size-default\"><a href=\"http:\/\/dev.afci-formation.fr\/mystaging01\/boulogne-billancourt\/\">.<\/a><\/h1>\t\t<\/div>\n\t\t\t\t<\/div>\n\t\t\t\t<div class=\"elementor-element elementor-element-33ac26c elementor-widget__width-initial elementor-absolute elementor-widget elementor-widget-heading\" data-id=\"33ac26c\" data-element_type=\"widget\" data-settings=\"{&quot;_position&quot;:&quot;absolute&quot;}\" data-widget_type=\"heading.default\">\n\t\t\t\t<div class=\"elementor-widget-container\">\n\t\t\t<h1 class=\"elementor-heading-title elementor-size-default\"><a href=\"http:\/\/dev.afci-formation.fr\/mystaging01\/villepinte\/\">.<\/a><\/h1>\t\t<\/div>\n\t\t\t\t<\/div>\n\t\t\t\t<div class=\"elementor-element elementor-element-d9283e6 elementor-widget__width-initial elementor-absolute elementor-widget elementor-widget-heading\" data-id=\"d9283e6\" data-element_type=\"widget\" data-settings=\"{&quot;_position&quot;:&quot;absolute&quot;}\" data-widget_type=\"heading.default\">\n\t\t\t\t<div class=\"elementor-widget-container\">\n\t\t\t<h1 class=\"elementor-heading-title elementor-size-default\"><a href=\"http:\/\/dev.afci-formation.fr\/mystaging01\/laon\/\">.<\/a><\/h1>\t\t<\/div>\n\t\t\t\t<\/div>\n\t\t\t\t<div class=\"elementor-element elementor-element-af8eea5 elementor-widget__width-initial elementor-absolute elementor-widget elementor-widget-heading\" data-id=\"af8eea5\" data-element_type=\"widget\" data-settings=\"{&quot;_position&quot;:&quot;absolute&quot;}\" data-widget_type=\"heading.default\">\n\t\t\t\t<div class=\"elementor-widget-container\">\n\t\t\t<h1 class=\"elementor-heading-title elementor-size-default\"><a href=\"http:\/\/dev.afci-formation.fr\/mystaging01\/senlis\/\">.<\/a><\/h1>\t\t<\/div>\n\t\t\t\t<\/div>\n\t\t\t\t<div class=\"elementor-element elementor-element-1fd5bba elementor-widget__width-initial elementor-absolute elementor-widget elementor-widget-heading\" data-id=\"1fd5bba\" data-element_type=\"widget\" data-settings=\"{&quot;_position&quot;:&quot;absolute&quot;}\" data-widget_type=\"heading.default\">\n\t\t\t\t<div class=\"elementor-widget-container\">\n\t\t\t<h1 class=\"elementor-heading-title elementor-size-default\"><a href=\"http:\/\/dev.afci-formation.fr\/mystaging01\/guise\/\">.<\/a><\/h1>\t\t<\/div>\n\t\t\t\t<\/div>\n\t\t\t\t<div class=\"elementor-element elementor-element-565d086 elementor-widget__width-initial elementor-absolute elementor-widget elementor-widget-heading\" data-id=\"565d086\" data-element_type=\"widget\" data-settings=\"{&quot;_position&quot;:&quot;absolute&quot;}\" data-widget_type=\"heading.default\">\n\t\t\t\t<div class=\"elementor-widget-container\">\n\t\t\t<h1 class=\"elementor-heading-title elementor-size-default\"><a href=\"http:\/\/dev.afci-formation.fr\/mystaging01\/saint-quentin\/\">.<\/a><\/h1>\t\t<\/div>\n\t\t\t\t<\/div>\n\t\t\t\t<div class=\"elementor-element elementor-element-f3478c2 elementor-widget__width-initial elementor-absolute elementor-widget elementor-widget-heading\" data-id=\"f3478c2\" data-element_type=\"widget\" data-settings=\"{&quot;_position&quot;:&quot;absolute&quot;}\" data-widget_type=\"heading.default\">\n\t\t\t\t<div class=\"elementor-widget-container\">\n\t\t\t<h1 class=\"elementor-heading-title elementor-size-default\"><a href=\"http:\/\/dev.afci-formation.fr\/mystaging01\/abbeville\/\">.<\/a><\/h1>\t\t<\/div>\n\t\t\t\t<\/div>\n\t\t\t\t<div class=\"elementor-element elementor-element-43f8239 elementor-widget__width-initial elementor-absolute elementor-widget elementor-widget-heading\" data-id=\"43f8239\" data-element_type=\"widget\" data-settings=\"{&quot;_position&quot;:&quot;absolute&quot;}\" data-widget_type=\"heading.default\">\n\t\t\t\t<div class=\"elementor-widget-container\">\n\t\t\t<h1 class=\"elementor-heading-title elementor-size-default\"><a href=\"http:\/\/dev.afci-formation.fr\/mystaging01\/arras\/\">.<\/a><\/h1>\t\t<\/div>\n\t\t\t\t<\/div>\n\t\t\t\t<div class=\"elementor-element elementor-element-01452ce elementor-widget__width-initial elementor-absolute elementor-widget elementor-widget-heading\" data-id=\"01452ce\" data-element_type=\"widget\" data-settings=\"{&quot;_position&quot;:&quot;absolute&quot;}\" data-widget_type=\"heading.default\">\n\t\t\t\t<div class=\"elementor-widget-container\">\n\t\t\t<h1 class=\"elementor-heading-title elementor-size-default\"><a href=\"http:\/\/dev.afci-formation.fr\/mystaging01\/lens\/\">.<\/a><\/h1>\t\t<\/div>\n\t\t\t\t<\/div>\n\t\t\t\t<div class=\"elementor-element elementor-element-88eab8d elementor-widget__width-initial elementor-absolute elementor-widget elementor-widget-heading\" data-id=\"88eab8d\" data-element_type=\"widget\" data-settings=\"{&quot;_position&quot;:&quot;absolute&quot;}\" data-widget_type=\"heading.default\">\n\t\t\t\t<div class=\"elementor-widget-container\">\n\t\t\t<h1 class=\"elementor-heading-title elementor-size-default\"><a href=\"http:\/\/dev.afci-formation.fr\/mystaging01\/valenciennes\/\">.<\/a><\/h1>\t\t<\/div>\n\t\t\t\t<\/div>\n\t\t\t\t<div class=\"elementor-element elementor-element-605d910 elementor-widget__width-initial elementor-absolute elementor-widget elementor-widget-heading\" data-id=\"605d910\" data-element_type=\"widget\" data-settings=\"{&quot;_position&quot;:&quot;absolute&quot;}\" data-widget_type=\"heading.default\">\n\t\t\t\t<div class=\"elementor-widget-container\">\n\t\t\t<h1 class=\"elementor-heading-title elementor-size-default\"><a href=\"http:\/\/dev.afci-formation.fr\/mystaging01\/villeneuve-dascq\/\">.<\/a><\/h1>\t\t<\/div>\n\t\t\t\t<\/div>\n\t\t\t\t<div class=\"elementor-element elementor-element-1ad6ba6 elementor-widget__width-initial elementor-absolute elementor-widget elementor-widget-heading\" data-id=\"1ad6ba6\" data-element_type=\"widget\" data-settings=\"{&quot;_position&quot;:&quot;absolute&quot;}\" data-widget_type=\"heading.default\">\n\t\t\t\t<div class=\"elementor-widget-container\">\n\t\t\t<h1 class=\"elementor-heading-title elementor-size-default\"><a href=\"http:\/\/dev.afci-formation.fr\/mystaging01\/rou\/\">.<\/a><\/h1>\t\t<\/div>\n\t\t\t\t<\/div>\n\t\t\t\t<div class=\"elementor-element elementor-element-eed0381 elementor-widget__width-initial elementor-absolute elementor-widget elementor-widget-heading\" data-id=\"eed0381\" data-element_type=\"widget\" data-settings=\"{&quot;_position&quot;:&quot;absolute&quot;}\" data-widget_type=\"heading.default\">\n\t\t\t\t<div class=\"elementor-widget-container\">\n\t\t\t<h1 class=\"elementor-heading-title elementor-size-default\"><a href=\"http:\/\/dev.afci-formation.fr\/mystaging01\/dunkerque\/\">.<\/a><\/h1>\t\t<\/div>\n\t\t\t\t<\/div>\n\t\t\t\t<div class=\"elementor-element elementor-element-32786ae elementor-widget__width-initial elementor-absolute elementor-widget elementor-widget-heading\" data-id=\"32786ae\" data-element_type=\"widget\" data-settings=\"{&quot;_position&quot;:&quot;absolute&quot;}\" data-widget_type=\"heading.default\">\n\t\t\t\t<div class=\"elementor-widget-container\">\n\t\t\t<h1 class=\"elementor-heading-title elementor-size-default\"><a href=\"http:\/\/dev.afci-formation.fr\/mystaging01\/hazebrouck\/\">.<\/a><\/h1>\t\t<\/div>\n\t\t\t\t<\/div>\n\t\t\t\t<div class=\"elementor-element elementor-element-b74dc35 elementor-widget__width-initial elementor-absolute elementor-widget elementor-widget-heading\" data-id=\"b74dc35\" data-element_type=\"widget\" data-settings=\"{&quot;_position&quot;:&quot;absolute&quot;}\" data-widget_type=\"heading.default\">\n\t\t\t\t<div class=\"elementor-widget-container\">\n\t\t\t<h1 class=\"elementor-heading-title elementor-size-default\"><a href=\"http:\/\/dev.afci-formation.fr\/mystaging01\/beauvais\/\">.<\/a><\/h1>\t\t<\/div>\n\t\t\t\t<\/div>\n\t\t\t\t<div class=\"elementor-element elementor-element-b50f4d9 elementor-widget__width-initial elementor-absolute elementor-widget elementor-widget-heading\" data-id=\"b50f4d9\" data-element_type=\"widget\" data-settings=\"{&quot;_position&quot;:&quot;absolute&quot;}\" data-widget_type=\"heading.default\">\n\t\t\t\t<div class=\"elementor-widget-container\">\n\t\t\t<h1 class=\"elementor-heading-title elementor-size-default\"><a href=\"http:\/\/dev.afci-formation.fr\/mystaging01\/elementor-34689\/\">.<\/a><\/h1>\t\t<\/div>\n\t\t\t\t<\/div>\n\t\t\t\t<div class=\"elementor-element elementor-element-e1b9098 elementor-widget__width-initial elementor-absolute elementor-widget elementor-widget-heading\" data-id=\"e1b9098\" data-element_type=\"widget\" data-settings=\"{&quot;_position&quot;:&quot;absolute&quot;}\" data-widget_type=\"heading.default\">\n\t\t\t\t<div class=\"elementor-widget-container\">\n\t\t\t<h1 class=\"elementor-heading-title elementor-size-default\"><a href=\"http:\/\/dev.afci-formation.fr\/mystaging01\/compiegne\/\">.<\/a><\/h1>\t\t<\/div>\n\t\t\t\t<\/div>\n\t\t\t\t<div class=\"elementor-element elementor-element-4e35920 elementor-widget__width-initial elementor-absolute elementor-widget elementor-widget-heading\" data-id=\"4e35920\" data-element_type=\"widget\" data-settings=\"{&quot;_position&quot;:&quot;absolute&quot;}\" data-widget_type=\"heading.default\">\n\t\t\t\t<div class=\"elementor-widget-container\">\n\t\t\t<h1 class=\"elementor-heading-title elementor-size-default\"><a href=\"http:\/\/dev.afci-formation.fr\/mystaging01\/pantin\/\">.<\/a><\/h1>\t\t<\/div>\n\t\t\t\t<\/div>\n\t\t\t\t<div class=\"elementor-element elementor-element-dc4349f elementor-widget elementor-widget-image\" data-id=\"dc4349f\" data-element_type=\"widget\" data-widget_type=\"image.default\">\n\t\t\t\t<div class=\"elementor-widget-container\">\n\t\t\t\t\t\t\t\t\t\t\t\t\t\t\t\t<a href=\"#iledefrance\">\n\t\t\t\t\t\t\t<img loading=\"lazy\" decoding=\"async\" width=\"1024\" height=\"816\" src=\"http:\/\/dev.afci-formation.fr\/mystaging01\/wp-content\/uploads\/2021\/12\/PARIS-ILE-DE-FRANCE-1-1024x816.png\" class=\"attachment-large size-large\" alt=\"\" srcset=\"http:\/\/dev.afci-formation.fr\/mystaging01\/wp-content\/uploads\/2021\/12\/PARIS-ILE-DE-FRANCE-1-1024x816.png 1024w, http:\/\/dev.afci-formation.fr\/mystaging01\/wp-content\/uploads\/2021\/12\/PARIS-ILE-DE-FRANCE-1-300x239.png 300w, http:\/\/dev.afci-formation.fr\/mystaging01\/wp-content\/uploads\/2021\/12\/PARIS-ILE-DE-FRANCE-1-768x612.png 768w, http:\/\/dev.afci-formation.fr\/mystaging01\/wp-content\/uploads\/2021\/12\/PARIS-ILE-DE-FRANCE-1-1536x1225.png 1536w, http:\/\/dev.afci-formation.fr\/mystaging01\/wp-content\/uploads\/2021\/12\/PARIS-ILE-DE-FRANCE-1-2048x1633.png 2048w\" sizes=\"auto, (max-width: 1024px) 100vw, 1024px\" \/>\t\t\t\t\t\t\t\t<\/a>\n\t\t\t\t\t\t\t\t\t\t\t\t\t\t\t<\/div>\n\t\t\t\t<\/div>\n\t\t\t\t<div class=\"elementor-element elementor-element-37ce0c8 elementor-widget__width-initial elementor-fixed elementor-widget elementor-widget-heading\" data-id=\"37ce0c8\" data-element_type=\"widget\" data-settings=\"{&quot;_position&quot;:&quot;fixed&quot;}\" data-widget_type=\"heading.default\">\n\t\t\t\t<div class=\"elementor-widget-container\">\n\t\t\t<h1 class=\"elementor-heading-title elementor-size-default\"><a href=\"http:\/\/dev.afci-formation.fr\/mystaging01\/boulogne-billancourt\/http:\/\/dev.afci-formation.fr\/mystaging01\/wp-admin\/post.php?post=35273&#038;action=elementor#\">.<\/a><\/h1>\t\t<\/div>\n\t\t\t\t<\/div>\n\t\t\t\t<div class=\"elementor-element elementor-element-2dc676f elementor-widget elementor-widget-spacer\" data-id=\"2dc676f\" data-element_type=\"widget\" data-widget_type=\"spacer.default\">\n\t\t\t\t<div class=\"elementor-widget-container\">\n\t\t\t\t\t<div class=\"elementor-spacer\">\n\t\t\t<div class=\"elementor-spacer-inner\"><\/div>\n\t\t<\/div>\n\t\t\t\t<\/div>\n\t\t\t\t<\/div>\n\t\t\t\t<div class=\"elementor-element elementor-element-f30ee72 elementor-widget elementor-widget-menu-anchor\" data-id=\"f30ee72\" data-element_type=\"widget\" data-widget_type=\"menu-anchor.default\">\n\t\t\t\t<div class=\"elementor-widget-container\">\n\t\t\t\t\t<div id=\"auvergne-rhonealpes\" class=\"elementor-menu-anchor\"><\/div>\n\t\t\t\t<\/div>\n\t\t\t\t<\/div>\n\t\t\t\t<div class=\"elementor-element elementor-element-9e64c63 elementor-widget elementor-widget-image\" data-id=\"9e64c63\" data-element_type=\"widget\" data-widget_type=\"image.default\">\n\t\t\t\t<div class=\"elementor-widget-container\">\n\t\t\t\t\t\t\t\t\t\t\t\t\t\t\t\t<a href=\"#auvergne-rhonealpes\">\n\t\t\t\t\t\t\t<img loading=\"lazy\" decoding=\"async\" width=\"1024\" height=\"769\" src=\"http:\/\/dev.afci-formation.fr\/mystaging01\/wp-content\/uploads\/2021\/12\/region-auvergne-rhone-alpes-1024x769.png\" class=\"attachment-large size-large\" alt=\"\" srcset=\"http:\/\/dev.afci-formation.fr\/mystaging01\/wp-content\/uploads\/2021\/12\/region-auvergne-rhone-alpes-1024x769.png 1024w, http:\/\/dev.afci-formation.fr\/mystaging01\/wp-content\/uploads\/2021\/12\/region-auvergne-rhone-alpes-300x225.png 300w, http:\/\/dev.afci-formation.fr\/mystaging01\/wp-content\/uploads\/2021\/12\/region-auvergne-rhone-alpes-768x577.png 768w, http:\/\/dev.afci-formation.fr\/mystaging01\/wp-content\/uploads\/2021\/12\/region-auvergne-rhone-alpes-1536x1154.png 1536w, http:\/\/dev.afci-formation.fr\/mystaging01\/wp-content\/uploads\/2021\/12\/region-auvergne-rhone-alpes-2048x1539.png 2048w\" sizes=\"auto, (max-width: 1024px) 100vw, 1024px\" \/>\t\t\t\t\t\t\t\t<\/a>\n\t\t\t\t\t\t\t\t\t\t\t\t\t\t\t<\/div>\n\t\t\t\t<\/div>\n\t\t\t\t<div class=\"elementor-element elementor-element-c5be761 elementor-widget elementor-widget-spacer\" data-id=\"c5be761\" data-element_type=\"widget\" data-widget_type=\"spacer.default\">\n\t\t\t\t<div class=\"elementor-widget-container\">\n\t\t\t\t\t<div class=\"elementor-spacer\">\n\t\t\t<div class=\"elementor-spacer-inner\"><\/div>\n\t\t<\/div>\n\t\t\t\t<\/div>\n\t\t\t\t<\/div>\n\t\t\t\t\t<\/div>\n\t\t<\/div>\n\t\t\t\t\t\t\t<\/div>\n\t\t<\/section>\n\t\t\t\t\t\t<\/div>\n\t\t\t\t\t<\/div>\n\t\t","protected":false},"excerpt":{"rendered":"<p>Nos centres de formation O\u00f9 que vous soyez, retrouvez l&#8217;AFCI Formation pr\u00e8s de chez vous ! Sur l&#8217;Ile-de-France, les Hautes-de-France et l&#8217;Auvergne-Rh\u00f4ne-Alpes clique sur les epingle de votre ville . &hellip;<\/p>\n<p class=\"read-more\"> <a class=\"\" href=\"http:\/\/dev.afci-formation.fr\/mystaging01\/nos-centres\/\"> <span class=\"screen-reader-text\">Nos centres<\/span> Lire la suite\u00a0\u00bb<\/a><\/p>\n","protected":false},"author":4,"featured_media":0,"parent":0,"menu_order":0,"comment_status":"closed","ping_status":"closed","template":"","meta":{"site-sidebar-layout":"","site-content-layout":"","ast-main-header-display":"","ast-hfb-above-header-display":"","ast-hfb-below-header-display":"","ast-hfb-mobile-header-display":"","site-post-title":"","ast-breadcrumbs-content":"","ast-featured-img":"","footer-sml-layout":"","theme-transparent-header-meta":"","adv-header-id-meta":"","stick-header-meta":"","header-above-stick-meta":"","header-main-stick-meta":"","header-below-stick-meta":"","footnotes":""},"class_list":["post-33974","page","type-page","status-publish","hentry"],"_links":{"self":[{"href":"http:\/\/dev.afci-formation.fr\/mystaging01\/wp-json\/wp\/v2\/pages\/33974","targetHints":{"allow":["GET"]}}],"collection":[{"href":"http:\/\/dev.afci-formation.fr\/mystaging01\/wp-json\/wp\/v2\/pages"}],"about":[{"href":"http:\/\/dev.afci-formation.fr\/mystaging01\/wp-json\/wp\/v2\/types\/page"}],"author":[{"embeddable":true,"href":"http:\/\/dev.afci-formation.fr\/mystaging01\/wp-json\/wp\/v2\/users\/4"}],"replies":[{"embeddable":true,"href":"http:\/\/dev.afci-formation.fr\/mystaging01\/wp-json\/wp\/v2\/comments?post=33974"}],"version-history":[{"count":523,"href":"http:\/\/dev.afci-formation.fr\/mystaging01\/wp-json\/wp\/v2\/pages\/33974\/revisions"}],"predecessor-version":[{"id":36176,"href":"http:\/\/dev.afci-formation.fr\/mystaging01\/wp-json\/wp\/v2\/pages\/33974\/revisions\/36176"}],"wp:attachment":[{"href":"http:\/\/dev.afci-formation.fr\/mystaging01\/wp-json\/wp\/v2\/media?parent=33974"}],"curies":[{"name":"wp","href":"https:\/\/api.w.org\/{rel}","templated":true}]}}