{"id":35258,"date":"2021-12-16T09:41:59","date_gmt":"2021-12-16T08:41:59","guid":{"rendered":"http:\/\/dev.afci-formation.fr\/mystaging01\/?page_id=35258"},"modified":"2021-12-22T10:38:06","modified_gmt":"2021-12-22T09:38:06","slug":"annecy","status":"publish","type":"page","link":"http:\/\/dev.afci-formation.fr\/mystaging01\/annecy\/","title":{"rendered":"Annecy"},"content":{"rendered":"\t\t<div data-elementor-type=\"wp-page\" data-elementor-id=\"35258\" class=\"elementor elementor-35258\" data-elementor-settings=\"[]\">\n\t\t\t\t\t\t\t<div class=\"elementor-section-wrap\">\n\t\t\t\t\t\t\t<section class=\"elementor-section elementor-top-section elementor-element elementor-element-50fe3fe elementor-section-boxed elementor-section-height-default elementor-section-height-default\" data-id=\"50fe3fe\" data-element_type=\"section\">\n\t\t\t\t\t\t<div class=\"elementor-container elementor-column-gap-default\">\n\t\t\t\t\t<div class=\"elementor-column elementor-col-100 elementor-top-column elementor-element elementor-element-bc64119\" data-id=\"bc64119\" data-element_type=\"column\">\n\t\t\t<div class=\"elementor-widget-wrap elementor-element-populated\">\n\t\t\t\t\t\t\t\t<div class=\"elementor-element elementor-element-6339fe1 elementor-widget elementor-widget-spacer\" data-id=\"6339fe1\" data-element_type=\"widget\" data-widget_type=\"spacer.default\">\n\t\t\t\t<div class=\"elementor-widget-container\">\n\t\t\t\t\t<div class=\"elementor-spacer\">\n\t\t\t<div class=\"elementor-spacer-inner\"><\/div>\n\t\t<\/div>\n\t\t\t\t<\/div>\n\t\t\t\t<\/div>\n\t\t\t\t<div class=\"elementor-element elementor-element-b7db0b0 elementor-widget elementor-widget-image\" data-id=\"b7db0b0\" data-element_type=\"widget\" data-widget_type=\"image.default\">\n\t\t\t\t<div class=\"elementor-widget-container\">\n\t\t\t<style>\/*! elementor - v3.5.1 - 20-12-2021 *\/\n.elementor-widget-image{text-align:center}.elementor-widget-image a{display:inline-block}.elementor-widget-image a img[src$=\".svg\"]{width:48px}.elementor-widget-image img{vertical-align:middle;display:inline-block}<\/style>\t\t\t\t\t\t\t\t\t\t\t\t<img loading=\"lazy\" decoding=\"async\" width=\"400\" height=\"400\" src=\"http:\/\/dev.afci-formation.fr\/mystaging01\/wp-content\/uploads\/2021\/12\/Logo-AFCI.png\" class=\"attachment-large size-large\" alt=\"\" srcset=\"http:\/\/dev.afci-formation.fr\/mystaging01\/wp-content\/uploads\/2021\/12\/Logo-AFCI.png 400w, http:\/\/dev.afci-formation.fr\/mystaging01\/wp-content\/uploads\/2021\/12\/Logo-AFCI-300x300.png 300w, http:\/\/dev.afci-formation.fr\/mystaging01\/wp-content\/uploads\/2021\/12\/Logo-AFCI-150x150.png 150w\" sizes=\"auto, (max-width: 400px) 100vw, 400px\" \/>\t\t\t\t\t\t\t\t\t\t\t\t\t\t\t<\/div>\n\t\t\t\t<\/div>\n\t\t\t\t<div class=\"elementor-element elementor-element-7a035fa elementor-widget elementor-widget-spacer\" data-id=\"7a035fa\" data-element_type=\"widget\" data-widget_type=\"spacer.default\">\n\t\t\t\t<div class=\"elementor-widget-container\">\n\t\t\t\t\t<div class=\"elementor-spacer\">\n\t\t\t<div class=\"elementor-spacer-inner\"><\/div>\n\t\t<\/div>\n\t\t\t\t<\/div>\n\t\t\t\t<\/div>\n\t\t\t\t<div class=\"elementor-element elementor-element-59cd3f6 elementor-widget elementor-widget-heading\" data-id=\"59cd3f6\" data-element_type=\"widget\" data-widget_type=\"heading.default\">\n\t\t\t\t<div class=\"elementor-widget-container\">\n\t\t\t<style>\/*! elementor - v3.5.1 - 20-12-2021 *\/\n.elementor-heading-title{padding:0;margin:0;line-height:1}.elementor-widget-heading .elementor-heading-title[class*=elementor-size-]>a{color:inherit;font-size:inherit;line-height:inherit}.elementor-widget-heading .elementor-heading-title.elementor-size-small{font-size:15px}.elementor-widget-heading .elementor-heading-title.elementor-size-medium{font-size:19px}.elementor-widget-heading .elementor-heading-title.elementor-size-large{font-size:29px}.elementor-widget-heading .elementor-heading-title.elementor-size-xl{font-size:39px}.elementor-widget-heading .elementor-heading-title.elementor-size-xxl{font-size:59px}<\/style><h2 class=\"elementor-heading-title elementor-size-default\"><a href=\"http:\/\/dev.afci-formation.fr\/mystaging01\/delf\/\">Dipl\u00f4me d'\u00e9tude de langue fran\u00e7aise A1 - A2<\/a><\/h2>\t\t<\/div>\n\t\t\t\t<\/div>\n\t\t\t\t<div class=\"elementor-element elementor-element-4a84977 elementor-widget elementor-widget-spacer\" data-id=\"4a84977\" data-element_type=\"widget\" data-widget_type=\"spacer.default\">\n\t\t\t\t<div class=\"elementor-widget-container\">\n\t\t\t\t\t<div class=\"elementor-spacer\">\n\t\t\t<div class=\"elementor-spacer-inner\"><\/div>\n\t\t<\/div>\n\t\t\t\t<\/div>\n\t\t\t\t<\/div>\n\t\t\t\t<div class=\"elementor-element elementor-element-38bd01d elementor-view-default elementor-widget elementor-widget-icon\" data-id=\"38bd01d\" data-element_type=\"widget\" data-widget_type=\"icon.default\">\n\t\t\t\t<div class=\"elementor-widget-container\">\n\t\t\t\t\t<div class=\"elementor-icon-wrapper\">\n\t\t\t<div class=\"elementor-icon\">\n\t\t\t<i aria-hidden=\"true\" class=\"fas fa-map-marker-alt\"><\/i>\t\t\t<\/div>\n\t\t<\/div>\n\t\t\t\t<\/div>\n\t\t\t\t<\/div>\n\t\t\t\t<div class=\"elementor-element elementor-element-a070700 elementor-widget elementor-widget-text-editor\" data-id=\"a070700\" data-element_type=\"widget\" data-widget_type=\"text-editor.default\">\n\t\t\t\t<div class=\"elementor-widget-container\">\n\t\t\t<style>\/*! elementor - v3.5.1 - 20-12-2021 *\/\n.elementor-widget-text-editor.elementor-drop-cap-view-stacked .elementor-drop-cap{background-color:#818a91;color:#fff}.elementor-widget-text-editor.elementor-drop-cap-view-framed .elementor-drop-cap{color:#818a91;border:3px solid;background-color:transparent}.elementor-widget-text-editor:not(.elementor-drop-cap-view-default) .elementor-drop-cap{margin-top:8px}.elementor-widget-text-editor:not(.elementor-drop-cap-view-default) .elementor-drop-cap-letter{width:1em;height:1em}.elementor-widget-text-editor .elementor-drop-cap{float:left;text-align:center;line-height:1;font-size:50px}.elementor-widget-text-editor .elementor-drop-cap-letter{display:inline-block}<\/style>\t\t\t\t<h3>AFCI Annecy<\/h3><h3>28 avenue de France 74000 Annecy<\/h3><h3><a href=\"mailto:somme@afci-formation.fr\">\u00a0<span id=\"cloak833b8fb4df10b98c1557023204c08e24\"><\/span><\/a><a href=\"mailto:mohand.ferhat@afci-formation.fr\">mohand.ferhat@afci-formation.fr<\/a><\/h3>\t\t\t\t\t\t<\/div>\n\t\t\t\t<\/div>\n\t\t\t\t<div class=\"elementor-element elementor-element-647c190 elementor-widget elementor-widget-spacer\" data-id=\"647c190\" data-element_type=\"widget\" data-widget_type=\"spacer.default\">\n\t\t\t\t<div class=\"elementor-widget-container\">\n\t\t\t\t\t<div class=\"elementor-spacer\">\n\t\t\t<div class=\"elementor-spacer-inner\"><\/div>\n\t\t<\/div>\n\t\t\t\t<\/div>\n\t\t\t\t<\/div>\n\t\t\t\t\t<\/div>\n\t\t<\/div>\n\t\t\t\t\t\t\t<\/div>\n\t\t<\/section>\n\t\t\t\t\t\t<\/div>\n\t\t\t\t\t<\/div>\n\t\t","protected":false},"excerpt":{"rendered":"<p>Dipl\u00f4me d&#8217;\u00e9tude de langue fran\u00e7aise A1 &#8211; A2 AFCI Annecy 28 avenue de France 74000 Annecy \u00a0mohand.ferhat@afci-formation.fr<\/p>\n","protected":false},"author":11,"featured_media":0,"parent":0,"menu_order":0,"comment_status":"closed","ping_status":"closed","template":"","meta":{"site-sidebar-layout":"no-sidebar","site-content-layout":"page-builder","ast-main-header-display":"","ast-hfb-above-header-display":"","ast-hfb-below-header-display":"","ast-hfb-mobile-header-display":"","site-post-title":"disabled","ast-breadcrumbs-content":"","ast-featured-img":"disabled","footer-sml-layout":"","theme-transparent-header-meta":"","adv-header-id-meta":"","stick-header-meta":"","header-above-stick-meta":"","header-main-stick-meta":"","header-below-stick-meta":"","footnotes":""},"class_list":["post-35258","page","type-page","status-publish","hentry"],"_links":{"self":[{"href":"http:\/\/dev.afci-formation.fr\/mystaging01\/wp-json\/wp\/v2\/pages\/35258","targetHints":{"allow":["GET"]}}],"collection":[{"href":"http:\/\/dev.afci-formation.fr\/mystaging01\/wp-json\/wp\/v2\/pages"}],"about":[{"href":"http:\/\/dev.afci-formation.fr\/mystaging01\/wp-json\/wp\/v2\/types\/page"}],"author":[{"embeddable":true,"href":"http:\/\/dev.afci-formation.fr\/mystaging01\/wp-json\/wp\/v2\/users\/11"}],"replies":[{"embeddable":true,"href":"http:\/\/dev.afci-formation.fr\/mystaging01\/wp-json\/wp\/v2\/comments?post=35258"}],"version-history":[{"count":7,"href":"http:\/\/dev.afci-formation.fr\/mystaging01\/wp-json\/wp\/v2\/pages\/35258\/revisions"}],"predecessor-version":[{"id":35597,"href":"http:\/\/dev.afci-formation.fr\/mystaging01\/wp-json\/wp\/v2\/pages\/35258\/revisions\/35597"}],"wp:attachment":[{"href":"http:\/\/dev.afci-formation.fr\/mystaging01\/wp-json\/wp\/v2\/media?parent=35258"}],"curies":[{"name":"wp","href":"https:\/\/api.w.org\/{rel}","templated":true}]}}