{"id":35264,"date":"2021-12-16T09:56:56","date_gmt":"2021-12-16T08:56:56","guid":{"rendered":"http:\/\/dev.afci-formation.fr\/mystaging01\/?page_id=35264"},"modified":"2021-12-22T12:33:33","modified_gmt":"2021-12-22T11:33:33","slug":"saint-etienne","status":"publish","type":"page","link":"http:\/\/dev.afci-formation.fr\/mystaging01\/saint-etienne\/","title":{"rendered":"Saint-Etienne"},"content":{"rendered":"\t\t<div data-elementor-type=\"wp-page\" data-elementor-id=\"35264\" class=\"elementor elementor-35264\" data-elementor-settings=\"[]\">\n\t\t\t\t\t\t\t<div class=\"elementor-section-wrap\">\n\t\t\t\t\t\t\t<section class=\"elementor-section elementor-top-section elementor-element elementor-element-7fd6789 elementor-section-boxed elementor-section-height-default elementor-section-height-default\" data-id=\"7fd6789\" data-element_type=\"section\">\n\t\t\t\t\t\t<div class=\"elementor-container elementor-column-gap-default\">\n\t\t\t\t\t<div class=\"elementor-column elementor-col-100 elementor-top-column elementor-element elementor-element-2fa8de1\" data-id=\"2fa8de1\" data-element_type=\"column\">\n\t\t\t<div class=\"elementor-widget-wrap elementor-element-populated\">\n\t\t\t\t\t\t\t\t<div class=\"elementor-element elementor-element-05a8a92 elementor-widget elementor-widget-spacer\" data-id=\"05a8a92\" data-element_type=\"widget\" data-widget_type=\"spacer.default\">\n\t\t\t\t<div class=\"elementor-widget-container\">\n\t\t\t\t\t<div class=\"elementor-spacer\">\n\t\t\t<div class=\"elementor-spacer-inner\"><\/div>\n\t\t<\/div>\n\t\t\t\t<\/div>\n\t\t\t\t<\/div>\n\t\t\t\t<div class=\"elementor-element elementor-element-2c91693 elementor-widget elementor-widget-image\" data-id=\"2c91693\" data-element_type=\"widget\" data-widget_type=\"image.default\">\n\t\t\t\t<div class=\"elementor-widget-container\">\n\t\t\t<style>\/*! elementor - v3.5.1 - 20-12-2021 *\/\n.elementor-widget-image{text-align:center}.elementor-widget-image a{display:inline-block}.elementor-widget-image a img[src$=\".svg\"]{width:48px}.elementor-widget-image img{vertical-align:middle;display:inline-block}<\/style>\t\t\t\t\t\t\t\t\t\t\t\t<img loading=\"lazy\" decoding=\"async\" width=\"400\" height=\"400\" src=\"http:\/\/dev.afci-formation.fr\/mystaging01\/wp-content\/uploads\/2021\/12\/Logo-AFCI.png\" class=\"attachment-large size-large\" alt=\"\" srcset=\"http:\/\/dev.afci-formation.fr\/mystaging01\/wp-content\/uploads\/2021\/12\/Logo-AFCI.png 400w, http:\/\/dev.afci-formation.fr\/mystaging01\/wp-content\/uploads\/2021\/12\/Logo-AFCI-300x300.png 300w, http:\/\/dev.afci-formation.fr\/mystaging01\/wp-content\/uploads\/2021\/12\/Logo-AFCI-150x150.png 150w\" sizes=\"auto, (max-width: 400px) 100vw, 400px\" \/>\t\t\t\t\t\t\t\t\t\t\t\t\t\t\t<\/div>\n\t\t\t\t<\/div>\n\t\t\t\t<div class=\"elementor-element elementor-element-b7421e1 elementor-widget elementor-widget-spacer\" data-id=\"b7421e1\" data-element_type=\"widget\" data-widget_type=\"spacer.default\">\n\t\t\t\t<div class=\"elementor-widget-container\">\n\t\t\t\t\t<div class=\"elementor-spacer\">\n\t\t\t<div class=\"elementor-spacer-inner\"><\/div>\n\t\t<\/div>\n\t\t\t\t<\/div>\n\t\t\t\t<\/div>\n\t\t\t\t<div class=\"elementor-element elementor-element-9320007 elementor-widget elementor-widget-heading\" data-id=\"9320007\" data-element_type=\"widget\" data-widget_type=\"heading.default\">\n\t\t\t\t<div class=\"elementor-widget-container\">\n\t\t\t<style>\/*! elementor - v3.5.1 - 20-12-2021 *\/\n.elementor-heading-title{padding:0;margin:0;line-height:1}.elementor-widget-heading .elementor-heading-title[class*=elementor-size-]>a{color:inherit;font-size:inherit;line-height:inherit}.elementor-widget-heading .elementor-heading-title.elementor-size-small{font-size:15px}.elementor-widget-heading .elementor-heading-title.elementor-size-medium{font-size:19px}.elementor-widget-heading .elementor-heading-title.elementor-size-large{font-size:29px}.elementor-widget-heading .elementor-heading-title.elementor-size-xl{font-size:39px}.elementor-widget-heading .elementor-heading-title.elementor-size-xxl{font-size:59px}<\/style><h2 class=\"elementor-heading-title elementor-size-default\"><a href=\"http:\/\/dev.afci-formation.fr\/mystaging01\/delf\/\">Dipl\u00f4me d'\u00e9tude de langue fran\u00e7aise A1 - A2<\/a><\/h2>\t\t<\/div>\n\t\t\t\t<\/div>\n\t\t\t\t<div class=\"elementor-element elementor-element-40e351c elementor-widget elementor-widget-spacer\" data-id=\"40e351c\" data-element_type=\"widget\" data-widget_type=\"spacer.default\">\n\t\t\t\t<div class=\"elementor-widget-container\">\n\t\t\t\t\t<div class=\"elementor-spacer\">\n\t\t\t<div class=\"elementor-spacer-inner\"><\/div>\n\t\t<\/div>\n\t\t\t\t<\/div>\n\t\t\t\t<\/div>\n\t\t\t\t<div class=\"elementor-element elementor-element-f6cf6de elementor-view-default elementor-widget elementor-widget-icon\" data-id=\"f6cf6de\" data-element_type=\"widget\" data-widget_type=\"icon.default\">\n\t\t\t\t<div class=\"elementor-widget-container\">\n\t\t\t\t\t<div class=\"elementor-icon-wrapper\">\n\t\t\t<div class=\"elementor-icon\">\n\t\t\t<i aria-hidden=\"true\" class=\"fas fa-map-marker-alt\"><\/i>\t\t\t<\/div>\n\t\t<\/div>\n\t\t\t\t<\/div>\n\t\t\t\t<\/div>\n\t\t\t\t<div class=\"elementor-element elementor-element-fd15260 elementor-widget elementor-widget-text-editor\" data-id=\"fd15260\" data-element_type=\"widget\" data-widget_type=\"text-editor.default\">\n\t\t\t\t<div class=\"elementor-widget-container\">\n\t\t\t<style>\/*! elementor - v3.5.1 - 20-12-2021 *\/\n.elementor-widget-text-editor.elementor-drop-cap-view-stacked .elementor-drop-cap{background-color:#818a91;color:#fff}.elementor-widget-text-editor.elementor-drop-cap-view-framed .elementor-drop-cap{color:#818a91;border:3px solid;background-color:transparent}.elementor-widget-text-editor:not(.elementor-drop-cap-view-default) .elementor-drop-cap{margin-top:8px}.elementor-widget-text-editor:not(.elementor-drop-cap-view-default) .elementor-drop-cap-letter{width:1em;height:1em}.elementor-widget-text-editor .elementor-drop-cap{float:left;text-align:center;line-height:1;font-size:50px}.elementor-widget-text-editor .elementor-drop-cap-letter{display:inline-block}<\/style>\t\t\t\t<div class=\"elementor-element elementor-element-4e2aee88 elementor-widget elementor-widget-text-editor\" data-id=\"4e2aee88\" data-element_type=\"widget\" data-widget_type=\"text-editor.default\"><div class=\"elementor-widget-container\"><h3>AFCI Saint-Etienne<\/h3><h3>21 Rue de la Talaudi\u00e8re<br \/>42000 Saint-\u00c9tienne<\/h3><h3><span id=\"cloak5c3ed255a9eac3085ec2a370a85f175a\"><a href=\"mailto:mohand.ferhat@afci-formation.fr\">mohand.ferhat@afci-formation.fr<\/a><\/span><\/h3><\/div><\/div>\t\t\t\t\t\t<\/div>\n\t\t\t\t<\/div>\n\t\t\t\t<div class=\"elementor-element elementor-element-1aaee68 elementor-widget elementor-widget-spacer\" data-id=\"1aaee68\" data-element_type=\"widget\" data-widget_type=\"spacer.default\">\n\t\t\t\t<div class=\"elementor-widget-container\">\n\t\t\t\t\t<div class=\"elementor-spacer\">\n\t\t\t<div class=\"elementor-spacer-inner\"><\/div>\n\t\t<\/div>\n\t\t\t\t<\/div>\n\t\t\t\t<\/div>\n\t\t\t\t\t<\/div>\n\t\t<\/div>\n\t\t\t\t\t\t\t<\/div>\n\t\t<\/section>\n\t\t\t\t\t\t<\/div>\n\t\t\t\t\t<\/div>\n\t\t","protected":false},"excerpt":{"rendered":"<p>Dipl\u00f4me d&#8217;\u00e9tude de langue fran\u00e7aise A1 &#8211; A2 AFCI Saint-Etienne 21 Rue de la Talaudi\u00e8re42000 Saint-\u00c9tienne mohand.ferhat@afci-formation.fr<\/p>\n","protected":false},"author":11,"featured_media":0,"parent":0,"menu_order":0,"comment_status":"closed","ping_status":"closed","template":"","meta":{"site-sidebar-layout":"no-sidebar","site-content-layout":"page-builder","ast-main-header-display":"","ast-hfb-above-header-display":"","ast-hfb-below-header-display":"","ast-hfb-mobile-header-display":"","site-post-title":"disabled","ast-breadcrumbs-content":"","ast-featured-img":"disabled","footer-sml-layout":"","theme-transparent-header-meta":"","adv-header-id-meta":"","stick-header-meta":"","header-above-stick-meta":"","header-main-stick-meta":"","header-below-stick-meta":"","footnotes":""},"class_list":["post-35264","page","type-page","status-publish","hentry"],"_links":{"self":[{"href":"http:\/\/dev.afci-formation.fr\/mystaging01\/wp-json\/wp\/v2\/pages\/35264","targetHints":{"allow":["GET"]}}],"collection":[{"href":"http:\/\/dev.afci-formation.fr\/mystaging01\/wp-json\/wp\/v2\/pages"}],"about":[{"href":"http:\/\/dev.afci-formation.fr\/mystaging01\/wp-json\/wp\/v2\/types\/page"}],"author":[{"embeddable":true,"href":"http:\/\/dev.afci-formation.fr\/mystaging01\/wp-json\/wp\/v2\/users\/11"}],"replies":[{"embeddable":true,"href":"http:\/\/dev.afci-formation.fr\/mystaging01\/wp-json\/wp\/v2\/comments?post=35264"}],"version-history":[{"count":13,"href":"http:\/\/dev.afci-formation.fr\/mystaging01\/wp-json\/wp\/v2\/pages\/35264\/revisions"}],"predecessor-version":[{"id":35889,"href":"http:\/\/dev.afci-formation.fr\/mystaging01\/wp-json\/wp\/v2\/pages\/35264\/revisions\/35889"}],"wp:attachment":[{"href":"http:\/\/dev.afci-formation.fr\/mystaging01\/wp-json\/wp\/v2\/media?parent=35264"}],"curies":[{"name":"wp","href":"https:\/\/api.w.org\/{rel}","templated":true}]}}